{"id":1010,"date":"2021-05-23T09:27:02","date_gmt":"2021-05-23T12:27:02","guid":{"rendered":"https:\/\/volcompecas.com\/loja\/loja\/sem-categoria\/sensor-pressao-oleo-volvo-fh-fm-d12d-d13a\/"},"modified":"2026-04-01T11:47:25","modified_gmt":"2026-04-01T14:47:25","slug":"21302639-sensor-pressao-oleo","status":"publish","type":"product","link":"https:\/\/volcompecas.com\/loja\/produto\/eletrica\/21302639-sensor-pressao-oleo\/","title":{"rendered":"Sensor Press\u00e3o \u00d3leo"},"content":{"rendered":"","protected":false},"excerpt":{"rendered":"<h5>Volvo B\/FH\/FM<\/h5>\n<ul>\n<li>4 Polos<\/li>\n<li>Furo Maior<\/li>\n<li>Rosca M16 x 1,5<\/li>\n<li>Ponto de Comuta\u00e7\u00e3o at\u00e9 7BAR<\/li>\n<li>Abertura da Chave 24sw<\/li>\n<\/ul>\n","protected":false},"featured_media":35319,"template":"","meta":{"_acf_changed":false,"_kad_blocks_custom_css":"","_kad_blocks_head_custom_js":"","_kad_blocks_body_custom_js":"","_kad_blocks_footer_custom_js":"","_kad_post_transparent":"default","_kad_post_title":"","_kad_post_layout":"default","_kad_post_sidebar_id":"","_kad_post_content_style":"default","_kad_post_vertical_padding":"default","_kad_post_feature":"","_kad_post_feature_position":"","_kad_post_header":false,"_kad_post_footer":false,"_kad_post_classname":""},"product_brand":[],"product_cat":[18,59],"product_tag":[600],"class_list":{"0":"post-1010","1":"product","2":"type-product","3":"status-publish","4":"has-post-thumbnail","6":"product_cat-eletrica","7":"product_cat-sensores","8":"product_tag-600","9":"pa_caminhoes-fh","10":"pa_caminhoes-fm","11":"pa_marca-holstein","12":"pa_motores-d11a","13":"pa_motores-d11b","14":"pa_motores-d11c","15":"pa_motores-d12c","16":"pa_motores-d12d","17":"pa_motores-d12f","18":"pa_motores-d13a","19":"pa_motores-d13b","20":"pa_motores-d13c","21":"pa_motores-d13f","22":"pa_motores-d13h","23":"pa_motores-d16c","24":"pa_motores-d16e","25":"pa_motores-d16g","26":"pa_motores-d5e","27":"pa_motores-d7a","28":"pa_motores-d7b","29":"pa_motores-d7c","30":"pa_motores-d7d","31":"pa_motores-d7e","32":"pa_motores-d9a","33":"pa_motores-d9b","34":"pa_motores-dh12c","35":"pa_motores-dh12d","36":"pa_motores-dh12e","37":"pa_onibus-b11","38":"pa_onibus-b12","39":"pa_onibus-b13","40":"pa_onibus-b5","41":"pa_onibus-b6","42":"pa_onibus-b7","43":"pa_onibus-b8","44":"pa_onibus-b9","45":"pa_onibus-motores-d-dh","46":"pa_tipo-novo","48":"first","49":"instock","50":"sale","51":"shipping-taxable","52":"purchasable","53":"product-type-simple","54":"entry","55":"content-bg","56":"loop-entry"},"acf":[],"taxonomy_info":{"product_cat":[{"value":18,"label":"El\u00e9trica"},{"value":59,"label":"Sensores"}],"product_tag":[{"value":600,"label":"21302639"}],"pa_caminhoes":[{"value":66,"label":"FH"},{"value":73,"label":"FM"}],"pa_marca":[{"value":67,"label":"HOLSTEIN"}],"pa_motores":[{"value":1775,"label":"D11A"},{"value":1776,"label":"D11B"},{"value":1777,"label":"D11C"},{"value":1782,"label":"D12C"},{"value":1783,"label":"D12D"},{"value":1785,"label":"D12F"},{"value":1787,"label":"D13A"},{"value":1788,"label":"D13B"},{"value":1789,"label":"D13C"},{"value":1790,"label":"D13F"},{"value":1791,"label":"D13H"},{"value":1794,"label":"D16C"},{"value":1795,"label":"D16E"},{"value":1796,"label":"D16G"},{"value":1763,"label":"D5E"},{"value":1764,"label":"D7A"},{"value":1765,"label":"D7B"},{"value":1766,"label":"D7C"},{"value":1767,"label":"D7D"},{"value":1768,"label":"D7E"},{"value":1771,"label":"D9A"},{"value":1772,"label":"D9B"},{"value":1797,"label":"DH12C"},{"value":1798,"label":"DH12D"},{"value":1799,"label":"DH12E"}],"pa_onibus":[{"value":856,"label":"B11"},{"value":79,"label":"B12"},{"value":1760,"label":"B13"},{"value":854,"label":"B5"},{"value":1758,"label":"B6"},{"value":283,"label":"B7"},{"value":855,"label":"B8"},{"value":1759,"label":"B9"},{"value":1762,"label":"Motores D\/DH"}],"pa_tipo":[{"value":68,"label":"NOVO"}]},"featured_image_src_large":["https:\/\/volcompecas.com\/loja\/wp-content\/uploads\/2021\/05\/21302639-furo-maior-1024x1024.jpg",1024,1024,true],"author_info":[],"comment_info":"","_links":{"self":[{"href":"https:\/\/volcompecas.com\/loja\/wp-json\/wp\/v2\/product\/1010","targetHints":{"allow":["GET"]}}],"collection":[{"href":"https:\/\/volcompecas.com\/loja\/wp-json\/wp\/v2\/product"}],"about":[{"href":"https:\/\/volcompecas.com\/loja\/wp-json\/wp\/v2\/types\/product"}],"wp:featuredmedia":[{"embeddable":true,"href":"https:\/\/volcompecas.com\/loja\/wp-json\/wp\/v2\/media\/35319"}],"wp:attachment":[{"href":"https:\/\/volcompecas.com\/loja\/wp-json\/wp\/v2\/media?parent=1010"}],"wp:term":[{"taxonomy":"product_brand","embeddable":true,"href":"https:\/\/volcompecas.com\/loja\/wp-json\/wp\/v2\/product_brand?post=1010"},{"taxonomy":"product_cat","embeddable":true,"href":"https:\/\/volcompecas.com\/loja\/wp-json\/wp\/v2\/product_cat?post=1010"},{"taxonomy":"product_tag","embeddable":true,"href":"https:\/\/volcompecas.com\/loja\/wp-json\/wp\/v2\/product_tag?post=1010"}],"curies":[{"name":"wp","href":"https:\/\/api.w.org\/{rel}","templated":true}]}}