{"id":1093,"date":"2021-05-23T09:27:55","date_gmt":"2021-05-23T12:27:55","guid":{"rendered":"https:\/\/volcompecas.com\/loja\/loja\/sem-categoria\/barra-de-torcao-da-cabine-volvo-fh-fm-reman\/"},"modified":"2026-03-12T11:40:06","modified_gmt":"2026-03-12T14:40:06","slug":"3198853-barra-de-torcao-da-cabine","status":"publish","type":"product","link":"https:\/\/volcompecas.com\/loja\/produto\/suspensao\/3198853-barra-de-torcao-da-cabine\/","title":{"rendered":"Barra de Tor\u00e7\u00e3o da Cabine"},"content":{"rendered":"","protected":false},"excerpt":{"rendered":"<h5>Volvo FH\/FM<\/h5>\n<ul>\n<li>Motores D12D e D13<\/li>\n<li>Remanufaturada<\/li>\n<li>Revisada com Garantia<\/li>\n<\/ul>\n","protected":false},"featured_media":1092,"template":"","meta":{"_acf_changed":false,"_kad_blocks_custom_css":"","_kad_blocks_head_custom_js":"","_kad_blocks_body_custom_js":"","_kad_blocks_footer_custom_js":"","_kad_post_transparent":"default","_kad_post_title":"","_kad_post_layout":"default","_kad_post_sidebar_id":"","_kad_post_content_style":"default","_kad_post_vertical_padding":"default","_kad_post_feature":"","_kad_post_feature_position":"","_kad_post_header":false,"_kad_post_footer":false,"_kad_post_classname":""},"product_brand":[],"product_cat":[37,412],"product_tag":[638],"class_list":{"0":"post-1093","1":"product","2":"type-product","3":"status-publish","4":"has-post-thumbnail","6":"product_cat-suspensao","7":"product_cat-suspensao-direcao","8":"product_tag-638","9":"pa_caminhoes-fh","10":"pa_caminhoes-fm","11":"pa_marca-holstein","12":"pa_motores-d12d","13":"pa_motores-d13","14":"pa_tipo-reman","16":"first","17":"instock","18":"purchasable","19":"product-type-simple","20":"entry","21":"content-bg","22":"loop-entry"},"acf":[],"taxonomy_info":{"product_cat":[{"value":37,"label":"Suspens\u00e3o"},{"value":412,"label":"Dire\u00e7\u00e3o"}],"product_tag":[{"value":638,"label":"3198853"}],"pa_caminhoes":[{"value":66,"label":"FH"},{"value":73,"label":"FM"}],"pa_marca":[{"value":67,"label":"HOLSTEIN"}],"pa_motores":[{"value":1783,"label":"D12D"},{"value":1786,"label":"D13"}],"pa_tipo":[{"value":151,"label":"REMAN"}]},"featured_image_src_large":["https:\/\/volcompecas.com\/loja\/wp-content\/uploads\/2021\/05\/3198853-1024x1024.jpg",1024,1024,true],"author_info":[],"comment_info":"","_links":{"self":[{"href":"https:\/\/volcompecas.com\/loja\/wp-json\/wp\/v2\/product\/1093","targetHints":{"allow":["GET"]}}],"collection":[{"href":"https:\/\/volcompecas.com\/loja\/wp-json\/wp\/v2\/product"}],"about":[{"href":"https:\/\/volcompecas.com\/loja\/wp-json\/wp\/v2\/types\/product"}],"wp:featuredmedia":[{"embeddable":true,"href":"https:\/\/volcompecas.com\/loja\/wp-json\/wp\/v2\/media\/1092"}],"wp:attachment":[{"href":"https:\/\/volcompecas.com\/loja\/wp-json\/wp\/v2\/media?parent=1093"}],"wp:term":[{"taxonomy":"product_brand","embeddable":true,"href":"https:\/\/volcompecas.com\/loja\/wp-json\/wp\/v2\/product_brand?post=1093"},{"taxonomy":"product_cat","embeddable":true,"href":"https:\/\/volcompecas.com\/loja\/wp-json\/wp\/v2\/product_cat?post=1093"},{"taxonomy":"product_tag","embeddable":true,"href":"https:\/\/volcompecas.com\/loja\/wp-json\/wp\/v2\/product_tag?post=1093"}],"curies":[{"name":"wp","href":"https:\/\/api.w.org\/{rel}","templated":true}]}}