{"id":36828,"date":"2022-09-06T16:26:34","date_gmt":"2022-09-06T19:26:34","guid":{"rendered":"https:\/\/volcompecas.com\/loja\/?post_type=product&#038;p=36828"},"modified":"2026-04-30T12:20:51","modified_gmt":"2026-04-30T15:20:51","slug":"21035690-farol-auxiliar-ld","status":"publish","type":"product","link":"https:\/\/volcompecas.com\/loja\/produto\/eletrica\/21035690-farol-auxiliar-ld\/","title":{"rendered":"Farol Auxiliar LD"},"content":{"rendered":"","protected":false},"excerpt":{"rendered":"<h5>Volvo FH<\/h5>\n<ul>\n<li>2 Focos<\/li>\n<li>Lado Direito<\/li>\n<li>Com Moldura<\/li>\n<li>Motores D13<\/li>\n<\/ul>\n","protected":false},"featured_media":47438,"template":"","meta":{"_acf_changed":false,"_kad_blocks_custom_css":"","_kad_blocks_head_custom_js":"","_kad_blocks_body_custom_js":"","_kad_blocks_footer_custom_js":"","_kad_post_transparent":"default","_kad_post_title":"","_kad_post_layout":"default","_kad_post_sidebar_id":"","_kad_post_content_style":"default","_kad_post_vertical_padding":"default","_kad_post_feature":"","_kad_post_feature_position":"","_kad_post_header":false,"_kad_post_footer":false,"_kad_post_classname":""},"product_brand":[],"product_cat":[18,19],"product_tag":[20],"class_list":{"0":"post-36828","1":"product","2":"type-product","3":"status-publish","4":"has-post-thumbnail","6":"product_cat-eletrica","7":"product_cat-iluminacao","8":"product_tag-20","9":"pa_caminhoes-fh","10":"pa_marca-holstein","11":"pa_motores-d13","12":"pa_tipo-novo","14":"first","15":"instock","16":"shipping-taxable","17":"purchasable","18":"product-type-simple","19":"entry","20":"content-bg","21":"loop-entry"},"acf":[],"taxonomy_info":{"product_cat":[{"value":18,"label":"El\u00e9trica"},{"value":19,"label":"Ilumina\u00e7\u00e3o"}],"product_tag":[{"value":20,"label":"21035690"}],"pa_caminhoes":[{"value":66,"label":"FH"}],"pa_marca":[{"value":67,"label":"HOLSTEIN"}],"pa_motores":[{"value":1786,"label":"D13"}],"pa_tipo":[{"value":68,"label":"NOVO"}]},"featured_image_src_large":["https:\/\/volcompecas.com\/loja\/wp-content\/uploads\/2022\/09\/21297917-1-1024x1024.jpg",1024,1024,true],"author_info":[],"comment_info":"","_links":{"self":[{"href":"https:\/\/volcompecas.com\/loja\/wp-json\/wp\/v2\/product\/36828","targetHints":{"allow":["GET"]}}],"collection":[{"href":"https:\/\/volcompecas.com\/loja\/wp-json\/wp\/v2\/product"}],"about":[{"href":"https:\/\/volcompecas.com\/loja\/wp-json\/wp\/v2\/types\/product"}],"wp:featuredmedia":[{"embeddable":true,"href":"https:\/\/volcompecas.com\/loja\/wp-json\/wp\/v2\/media\/47438"}],"wp:attachment":[{"href":"https:\/\/volcompecas.com\/loja\/wp-json\/wp\/v2\/media?parent=36828"}],"wp:term":[{"taxonomy":"product_brand","embeddable":true,"href":"https:\/\/volcompecas.com\/loja\/wp-json\/wp\/v2\/product_brand?post=36828"},{"taxonomy":"product_cat","embeddable":true,"href":"https:\/\/volcompecas.com\/loja\/wp-json\/wp\/v2\/product_cat?post=36828"},{"taxonomy":"product_tag","embeddable":true,"href":"https:\/\/volcompecas.com\/loja\/wp-json\/wp\/v2\/product_tag?post=36828"}],"curies":[{"name":"wp","href":"https:\/\/api.w.org\/{rel}","templated":true}]}}