{"id":38679,"date":"2023-02-14T11:15:03","date_gmt":"2023-02-14T14:15:03","guid":{"rendered":"https:\/\/volcompecas.com\/loja\/?post_type=product&#038;p=38679"},"modified":"2026-02-02T12:08:51","modified_gmt":"2026-02-02T15:08:51","slug":"82428802-farol-luz-baixa-le","status":"publish","type":"product","link":"https:\/\/volcompecas.com\/loja\/produto\/eletrica\/82428802-farol-luz-baixa-le\/","title":{"rendered":"Farol Luz Baixa LE"},"content":{"rendered":"","protected":false},"excerpt":{"rendered":"<h5>Volvo FMX<\/h5>\n<ul>\n<li>Inferior<\/li>\n<li>Lado Esquerdo<\/li>\n<li>FMX 440\/480\/520\/540\/580<\/li>\n<\/ul>\n","protected":false},"featured_media":38680,"template":"","meta":{"_acf_changed":false,"_kad_blocks_custom_css":"","_kad_blocks_head_custom_js":"","_kad_blocks_body_custom_js":"","_kad_blocks_footer_custom_js":"","_kad_post_transparent":"default","_kad_post_title":"","_kad_post_layout":"default","_kad_post_sidebar_id":"","_kad_post_content_style":"default","_kad_post_vertical_padding":"default","_kad_post_feature":"","_kad_post_feature_position":"","_kad_post_header":false,"_kad_post_footer":false,"_kad_post_classname":""},"product_brand":[],"product_cat":[18,19],"product_tag":[2098],"class_list":{"0":"post-38679","1":"product","2":"type-product","3":"status-publish","4":"has-post-thumbnail","6":"product_cat-eletrica","7":"product_cat-iluminacao","8":"product_tag-2098","9":"pa_caminhoes-fmx","10":"pa_marca-holstein","11":"pa_tipo-novo","13":"first","14":"instock","15":"shipping-taxable","16":"purchasable","17":"product-type-simple","18":"entry","19":"content-bg","20":"loop-entry"},"acf":[],"taxonomy_info":{"product_cat":[{"value":18,"label":"El\u00e9trica"},{"value":19,"label":"Ilumina\u00e7\u00e3o"}],"product_tag":[{"value":2098,"label":"82428802"}],"pa_caminhoes":[{"value":97,"label":"FMX"}],"pa_marca":[{"value":67,"label":"HOLSTEIN"}],"pa_tipo":[{"value":68,"label":"NOVO"}]},"featured_image_src_large":["https:\/\/volcompecas.com\/loja\/wp-content\/uploads\/2023\/02\/82428802-1024x1024.jpg",1024,1024,true],"author_info":[],"comment_info":"","_links":{"self":[{"href":"https:\/\/volcompecas.com\/loja\/wp-json\/wp\/v2\/product\/38679","targetHints":{"allow":["GET"]}}],"collection":[{"href":"https:\/\/volcompecas.com\/loja\/wp-json\/wp\/v2\/product"}],"about":[{"href":"https:\/\/volcompecas.com\/loja\/wp-json\/wp\/v2\/types\/product"}],"wp:featuredmedia":[{"embeddable":true,"href":"https:\/\/volcompecas.com\/loja\/wp-json\/wp\/v2\/media\/38680"}],"wp:attachment":[{"href":"https:\/\/volcompecas.com\/loja\/wp-json\/wp\/v2\/media?parent=38679"}],"wp:term":[{"taxonomy":"product_brand","embeddable":true,"href":"https:\/\/volcompecas.com\/loja\/wp-json\/wp\/v2\/product_brand?post=38679"},{"taxonomy":"product_cat","embeddable":true,"href":"https:\/\/volcompecas.com\/loja\/wp-json\/wp\/v2\/product_cat?post=38679"},{"taxonomy":"product_tag","embeddable":true,"href":"https:\/\/volcompecas.com\/loja\/wp-json\/wp\/v2\/product_tag?post=38679"}],"curies":[{"name":"wp","href":"https:\/\/api.w.org\/{rel}","templated":true}]}}