{"id":425,"date":"2021-05-23T09:20:22","date_gmt":"2021-05-23T12:20:22","guid":{"rendered":"https:\/\/volcompecas.com\/loja\/loja\/sem-categoria\/valvula-de-protecao-4-circuitos-vias-volvo\/"},"modified":"2023-05-03T13:43:50","modified_gmt":"2023-05-03T16:43:50","slug":"8152899-valvula-de-protecao-4-vias","status":"publish","type":"product","link":"https:\/\/volcompecas.com\/loja\/produto\/freios\/8152899-valvula-de-protecao-4-vias\/","title":{"rendered":"V\u00e1lvula de Prote\u00e7\u00e3o 4 Vias"},"content":{"rendered":"","protected":false},"excerpt":{"rendered":"<h5>Volvo B\/F\/FL\/FH\/FM\/N\/NH<\/h5>\n<ul>\n<li>4 Vias<\/li>\n<li>2001 Acima<\/li>\n<li>Modelo Knoor<\/li>\n<\/ul>\n","protected":false},"featured_media":33910,"template":"","meta":{"_acf_changed":false,"_kad_blocks_custom_css":"","_kad_blocks_head_custom_js":"","_kad_blocks_body_custom_js":"","_kad_blocks_footer_custom_js":"","_kad_post_transparent":"default","_kad_post_title":"","_kad_post_layout":"default","_kad_post_sidebar_id":"","_kad_post_content_style":"default","_kad_post_vertical_padding":"default","_kad_post_feature":"","_kad_post_feature_position":"","_kad_post_header":false,"_kad_post_footer":false,"_kad_post_classname":""},"product_brand":[],"product_cat":[275,777],"product_tag":[779],"class_list":{"0":"post-425","1":"product","2":"type-product","3":"status-publish","4":"has-post-thumbnail","6":"product_cat-freios","7":"product_cat-valvulas","8":"product_tag-779","9":"pa_caminhoes-f10","10":"pa_caminhoes-f12","11":"pa_caminhoes-fh12","12":"pa_caminhoes-fh16","13":"pa_caminhoes-fl10","14":"pa_caminhoes-fl12","15":"pa_caminhoes-fl7","16":"pa_caminhoes-fm10","17":"pa_caminhoes-fm12","18":"pa_caminhoes-fm7","19":"pa_caminhoes-n10","20":"pa_caminhoes-n12","21":"pa_caminhoes-nh12","22":"pa_marca-holstein","23":"pa_onibus-b10m","24":"pa_onibus-b58","25":"pa_tipo-novo","27":"first","28":"outofstock","29":"shipping-taxable","30":"purchasable","31":"product-type-simple","32":"entry","33":"content-bg","34":"loop-entry"},"acf":[],"taxonomy_info":{"product_cat":[{"value":275,"label":"Freios"},{"value":777,"label":"V\u00e1lvulas"}],"product_tag":[{"value":779,"label":"8152899"}],"pa_caminhoes":[{"value":88,"label":"F10"},{"value":89,"label":"F12"},{"value":71,"label":"FH12"},{"value":92,"label":"FH16"},{"value":93,"label":"FL10"},{"value":94,"label":"FL12"},{"value":629,"label":"FL7"},{"value":95,"label":"FM10"},{"value":72,"label":"FM12"},{"value":282,"label":"FM7"},{"value":98,"label":"N10"},{"value":99,"label":"N12"},{"value":100,"label":"NH12"}],"pa_marca":[{"value":67,"label":"HOLSTEIN"}],"pa_onibus":[{"value":77,"label":"B10M"},{"value":778,"label":"B58"}],"pa_tipo":[{"value":68,"label":"NOVO"}]},"featured_image_src_large":["https:\/\/volcompecas.com\/loja\/wp-content\/uploads\/2021\/05\/8152899-1-1024x1024.jpg",1024,1024,true],"author_info":[],"comment_info":"","_links":{"self":[{"href":"https:\/\/volcompecas.com\/loja\/wp-json\/wp\/v2\/product\/425","targetHints":{"allow":["GET"]}}],"collection":[{"href":"https:\/\/volcompecas.com\/loja\/wp-json\/wp\/v2\/product"}],"about":[{"href":"https:\/\/volcompecas.com\/loja\/wp-json\/wp\/v2\/types\/product"}],"wp:featuredmedia":[{"embeddable":true,"href":"https:\/\/volcompecas.com\/loja\/wp-json\/wp\/v2\/media\/33910"}],"wp:attachment":[{"href":"https:\/\/volcompecas.com\/loja\/wp-json\/wp\/v2\/media?parent=425"}],"wp:term":[{"taxonomy":"product_brand","embeddable":true,"href":"https:\/\/volcompecas.com\/loja\/wp-json\/wp\/v2\/product_brand?post=425"},{"taxonomy":"product_cat","embeddable":true,"href":"https:\/\/volcompecas.com\/loja\/wp-json\/wp\/v2\/product_cat?post=425"},{"taxonomy":"product_tag","embeddable":true,"href":"https:\/\/volcompecas.com\/loja\/wp-json\/wp\/v2\/product_tag?post=425"}],"curies":[{"name":"wp","href":"https:\/\/api.w.org\/{rel}","templated":true}]}}