{"id":58,"date":"2021-05-23T09:15:42","date_gmt":"2021-05-23T12:15:42","guid":{"rendered":"https:\/\/volcompecas.com\/loja\/?post_type=product&#038;p=58"},"modified":"2026-04-24T11:36:17","modified_gmt":"2026-04-24T14:36:17","slug":"20713721-farol-principal-ld","status":"publish","type":"product","link":"https:\/\/volcompecas.com\/loja\/produto\/eletrica\/20713721-farol-principal-ld\/","title":{"rendered":"Farol Principal LD (Chines)"},"content":{"rendered":"","protected":false},"excerpt":{"rendered":"<h5>Volvo FH\/FM<\/h5>\n<ul>\n<li>Lado Direito<\/li>\n<li>Chin\u00eas 2004 Acima<\/li>\n<li>Conector Redondo<\/li>\n<\/ul>\n","protected":false},"featured_media":76,"template":"","meta":{"_acf_changed":false,"_kad_blocks_custom_css":"","_kad_blocks_head_custom_js":"","_kad_blocks_body_custom_js":"","_kad_blocks_footer_custom_js":"","_kad_post_transparent":"default","_kad_post_title":"","_kad_post_layout":"default","_kad_post_sidebar_id":"","_kad_post_content_style":"default","_kad_post_vertical_padding":"default","_kad_post_feature":"","_kad_post_feature_position":"","_kad_post_header":false,"_kad_post_footer":false,"_kad_post_classname":""},"product_brand":[],"product_cat":[18,19],"product_tag":[23],"class_list":{"0":"post-58","1":"product","2":"type-product","3":"status-publish","4":"has-post-thumbnail","6":"product_cat-eletrica","7":"product_cat-iluminacao","8":"product_tag-23","9":"pa_caminhoes-fh12","10":"pa_caminhoes-fm12","11":"pa_marca-holstein","12":"pa_tipo-novo","14":"first","15":"instock","16":"shipping-taxable","17":"purchasable","18":"product-type-simple","19":"entry","20":"content-bg","21":"loop-entry"},"acf":[],"taxonomy_info":{"product_cat":[{"value":18,"label":"El\u00e9trica"},{"value":19,"label":"Ilumina\u00e7\u00e3o"}],"product_tag":[{"value":23,"label":"20713721"}],"pa_caminhoes":[{"value":71,"label":"FH12"},{"value":72,"label":"FM12"}],"pa_marca":[{"value":67,"label":"HOLSTEIN"}],"pa_tipo":[{"value":68,"label":"NOVO"}]},"featured_image_src_large":["https:\/\/volcompecas.com\/loja\/wp-content\/uploads\/2021\/05\/20713721-1024x1024.png",1024,1024,true],"author_info":[],"comment_info":"","_links":{"self":[{"href":"https:\/\/volcompecas.com\/loja\/wp-json\/wp\/v2\/product\/58","targetHints":{"allow":["GET"]}}],"collection":[{"href":"https:\/\/volcompecas.com\/loja\/wp-json\/wp\/v2\/product"}],"about":[{"href":"https:\/\/volcompecas.com\/loja\/wp-json\/wp\/v2\/types\/product"}],"wp:featuredmedia":[{"embeddable":true,"href":"https:\/\/volcompecas.com\/loja\/wp-json\/wp\/v2\/media\/76"}],"wp:attachment":[{"href":"https:\/\/volcompecas.com\/loja\/wp-json\/wp\/v2\/media?parent=58"}],"wp:term":[{"taxonomy":"product_brand","embeddable":true,"href":"https:\/\/volcompecas.com\/loja\/wp-json\/wp\/v2\/product_brand?post=58"},{"taxonomy":"product_cat","embeddable":true,"href":"https:\/\/volcompecas.com\/loja\/wp-json\/wp\/v2\/product_cat?post=58"},{"taxonomy":"product_tag","embeddable":true,"href":"https:\/\/volcompecas.com\/loja\/wp-json\/wp\/v2\/product_tag?post=58"}],"curies":[{"name":"wp","href":"https:\/\/api.w.org\/{rel}","templated":true}]}}