{"id":62,"date":"2021-05-23T09:15:42","date_gmt":"2021-05-23T12:15:42","guid":{"rendered":"https:\/\/volcompecas.com\/loja\/?post_type=product&#038;p=62"},"modified":"2026-04-29T09:45:48","modified_gmt":"2026-04-29T12:45:48","slug":"1623718-farol-principal-le","status":"publish","type":"product","link":"https:\/\/volcompecas.com\/loja\/produto\/eletrica\/1623718-farol-principal-le\/","title":{"rendered":"Farol Principal LE"},"content":{"rendered":"","protected":false},"excerpt":{"rendered":"<h5>Volvo NH<\/h5>\n<ul>\n<li>Lado Esquerdo<\/li>\n<li>2000 a 2004<\/li>\n<\/ul>\n","protected":false},"featured_media":1033,"template":"","meta":{"_acf_changed":false,"_kad_blocks_custom_css":"","_kad_blocks_head_custom_js":"","_kad_blocks_body_custom_js":"","_kad_blocks_footer_custom_js":"","_kad_post_transparent":"default","_kad_post_title":"","_kad_post_layout":"default","_kad_post_sidebar_id":"","_kad_post_content_style":"default","_kad_post_vertical_padding":"default","_kad_post_feature":"","_kad_post_feature_position":"","_kad_post_header":false,"_kad_post_footer":false,"_kad_post_classname":""},"product_brand":[],"product_cat":[18,19],"product_tag":[612],"class_list":{"0":"post-62","1":"product","2":"type-product","3":"status-publish","4":"has-post-thumbnail","6":"product_cat-eletrica","7":"product_cat-iluminacao","8":"product_tag-612","9":"pa_caminhoes-nh","10":"pa_marca-holstein","11":"pa_tipo-novo","13":"first","14":"instock","15":"shipping-taxable","16":"purchasable","17":"product-type-simple","18":"entry","19":"content-bg","20":"loop-entry"},"acf":[],"taxonomy_info":{"product_cat":[{"value":18,"label":"El\u00e9trica"},{"value":19,"label":"Ilumina\u00e7\u00e3o"}],"product_tag":[{"value":612,"label":"1623718"}],"pa_caminhoes":[{"value":115,"label":"NH"}],"pa_marca":[{"value":67,"label":"HOLSTEIN"}],"pa_tipo":[{"value":68,"label":"NOVO"}]},"featured_image_src_large":["https:\/\/volcompecas.com\/loja\/wp-content\/uploads\/2021\/05\/1623718-1024x1024.jpg",1024,1024,true],"author_info":[],"comment_info":"","_links":{"self":[{"href":"https:\/\/volcompecas.com\/loja\/wp-json\/wp\/v2\/product\/62","targetHints":{"allow":["GET"]}}],"collection":[{"href":"https:\/\/volcompecas.com\/loja\/wp-json\/wp\/v2\/product"}],"about":[{"href":"https:\/\/volcompecas.com\/loja\/wp-json\/wp\/v2\/types\/product"}],"wp:featuredmedia":[{"embeddable":true,"href":"https:\/\/volcompecas.com\/loja\/wp-json\/wp\/v2\/media\/1033"}],"wp:attachment":[{"href":"https:\/\/volcompecas.com\/loja\/wp-json\/wp\/v2\/media?parent=62"}],"wp:term":[{"taxonomy":"product_brand","embeddable":true,"href":"https:\/\/volcompecas.com\/loja\/wp-json\/wp\/v2\/product_brand?post=62"},{"taxonomy":"product_cat","embeddable":true,"href":"https:\/\/volcompecas.com\/loja\/wp-json\/wp\/v2\/product_cat?post=62"},{"taxonomy":"product_tag","embeddable":true,"href":"https:\/\/volcompecas.com\/loja\/wp-json\/wp\/v2\/product_tag?post=62"}],"curies":[{"name":"wp","href":"https:\/\/api.w.org\/{rel}","templated":true}]}}